{"id":175,"date":"2024-04-28T12:38:04","date_gmt":"2024-04-28T10:38:04","guid":{"rendered":"http:\/\/dinotest.dinofils.com\/dinotest\/produit\/black-and-white-summer-portrait\/"},"modified":"2024-07-28T16:30:52","modified_gmt":"2024-07-28T14:30:52","slug":"black-and-white-summer-portrait","status":"publish","type":"product","link":"https:\/\/dinotest.dinofils.com\/dinotest\/produit\/black-and-white-summer-portrait\/","title":{"rendered":"Table de bureaux"},"content":{"rendered":"<p>Elles peuvent \u00eatre simples ou doubles, pleines ou vitr\u00e9es, et sont essentielles pour la s\u00e9curit\u00e9, l&#8217;intimit\u00e9 et l&#8217;isolation thermique et sonore d&#8217;un espace.<\/p>\n","protected":false},"excerpt":{"rendered":"<p>Elles peuvent \u00eatre simples ou doubles, pleines ou vitr\u00e9es, et sont essentielles pour la s\u00e9curit\u00e9, l&#8217;intimit\u00e9 et l&#8217;isolation thermique et sonore d&#8217;un espace.<\/p>\n","protected":false},"featured_media":472,"comment_status":"open","ping_status":"closed","template":"","meta":[],"product_cat":[15],"product_tag":[],"class_list":{"0":"post-175","1":"product","2":"type-product","3":"status-publish","4":"has-post-thumbnail","6":"product_cat-non-classe","8":"first","9":"instock","10":"taxable","11":"shipping-taxable","12":"product-type-simple"},"jetpack_sharing_enabled":true,"_links":{"self":[{"href":"https:\/\/dinotest.dinofils.com\/dinotest\/wp-json\/wp\/v2\/product\/175","targetHints":{"allow":["GET"]}}],"collection":[{"href":"https:\/\/dinotest.dinofils.com\/dinotest\/wp-json\/wp\/v2\/product"}],"about":[{"href":"https:\/\/dinotest.dinofils.com\/dinotest\/wp-json\/wp\/v2\/types\/product"}],"replies":[{"embeddable":true,"href":"https:\/\/dinotest.dinofils.com\/dinotest\/wp-json\/wp\/v2\/comments?post=175"}],"wp:featuredmedia":[{"embeddable":true,"href":"https:\/\/dinotest.dinofils.com\/dinotest\/wp-json\/wp\/v2\/media\/472"}],"wp:attachment":[{"href":"https:\/\/dinotest.dinofils.com\/dinotest\/wp-json\/wp\/v2\/media?parent=175"}],"wp:term":[{"taxonomy":"product_cat","embeddable":true,"href":"https:\/\/dinotest.dinofils.com\/dinotest\/wp-json\/wp\/v2\/product_cat?post=175"},{"taxonomy":"product_tag","embeddable":true,"href":"https:\/\/dinotest.dinofils.com\/dinotest\/wp-json\/wp\/v2\/product_tag?post=175"}],"curies":[{"name":"wp","href":"https:\/\/api.w.org\/{rel}","templated":true}]}}