{"id":178,"date":"2024-04-28T12:38:05","date_gmt":"2024-04-28T10:38:05","guid":{"rendered":"http:\/\/dinotest.dinofils.com\/dinotest\/produit\/leather-clad-leisure-chair\/"},"modified":"2024-07-28T16:29:28","modified_gmt":"2024-07-28T14:29:28","slug":"leather-clad-leisure-chair","status":"publish","type":"product","link":"https:\/\/dinotest.dinofils.com\/dinotest\/produit\/leather-clad-leisure-chair\/","title":{"rendered":"Cuisine"},"content":{"rendered":"<p>Elles peuvent \u00eatre simples ou doubles, pleines ou vitr\u00e9es, et sont essentielles pour la s\u00e9curit\u00e9, l&#8217;intimit\u00e9 et l&#8217;isolation thermique et sonore d&#8217;un espace.<\/p>\n","protected":false},"excerpt":{"rendered":"<p>Elles peuvent \u00eatre simples ou doubles, pleines ou vitr\u00e9es, et sont essentielles pour la s\u00e9curit\u00e9, l&#8217;intimit\u00e9 et l&#8217;isolation thermique et sonore d&#8217;un espace.<\/p>\n","protected":false},"featured_media":471,"comment_status":"open","ping_status":"closed","template":"","meta":[],"product_cat":[15],"product_tag":[27],"class_list":{"0":"post-178","1":"product","2":"type-product","3":"status-publish","4":"has-post-thumbnail","6":"product_cat-non-classe","7":"product_tag-cuisine","9":"first","10":"instock","11":"taxable","12":"shipping-taxable","13":"product-type-simple"},"jetpack_sharing_enabled":true,"_links":{"self":[{"href":"https:\/\/dinotest.dinofils.com\/dinotest\/wp-json\/wp\/v2\/product\/178","targetHints":{"allow":["GET"]}}],"collection":[{"href":"https:\/\/dinotest.dinofils.com\/dinotest\/wp-json\/wp\/v2\/product"}],"about":[{"href":"https:\/\/dinotest.dinofils.com\/dinotest\/wp-json\/wp\/v2\/types\/product"}],"replies":[{"embeddable":true,"href":"https:\/\/dinotest.dinofils.com\/dinotest\/wp-json\/wp\/v2\/comments?post=178"}],"wp:featuredmedia":[{"embeddable":true,"href":"https:\/\/dinotest.dinofils.com\/dinotest\/wp-json\/wp\/v2\/media\/471"}],"wp:attachment":[{"href":"https:\/\/dinotest.dinofils.com\/dinotest\/wp-json\/wp\/v2\/media?parent=178"}],"wp:term":[{"taxonomy":"product_cat","embeddable":true,"href":"https:\/\/dinotest.dinofils.com\/dinotest\/wp-json\/wp\/v2\/product_cat?post=178"},{"taxonomy":"product_tag","embeddable":true,"href":"https:\/\/dinotest.dinofils.com\/dinotest\/wp-json\/wp\/v2\/product_tag?post=178"}],"curies":[{"name":"wp","href":"https:\/\/api.w.org\/{rel}","templated":true}]}}